{"id":21,"date":"2023-03-08T01:14:09","date_gmt":"2023-03-08T01:14:09","guid":{"rendered":"https:\/\/www.servicerjuridico.com\/?page_id=21"},"modified":"2023-04-18T14:38:57","modified_gmt":"2023-04-18T14:38:57","slug":"inicio","status":"publish","type":"page","link":"https:\/\/www.servicerjuridico.com\/","title":{"rendered":"Inicio"},"content":{"rendered":"\n<div class=\"wp-block-cover alignfull is-light\" style=\"min-height:775px;aspect-ratio:unset;\"><span aria-hidden=\"true\" class=\"wp-block-cover__background has-background-dim-100 has-background-dim has-background-gradient\" style=\"background:linear-gradient(35deg,rgb(6,0,151) 0%,rgb(130,4,255) 73%,rgb(193,15,255) 100%)\"><\/span><div class=\"wp-block-cover__inner-container is-layout-flow wp-block-cover-is-layout-flow\">\n<p><\/p>\n\n\n\n<p><\/p>\n\n\n\n<div class=\"inherit-container-width wp-block-group alignwide is-layout-constrained wp-block-group-is-layout-constrained\">\n<div class=\"wp-block-media-text alignwide has-media-on-the-right is-stacked-on-mobile is-vertically-aligned-center\" style=\"grid-template-columns:auto 43%\"><div class=\"wp-block-media-text__content\">\n<p><\/p>\n\n\n\n<h1 class=\"wp-block-heading has-text-align-left has-white-color has-text-color\"><strong>GESTI\u00d3N DE ACTIVOS INMOBILIARIOS<\/strong><\/h1>\n\n\n\n<p>\u00bfNecesitas asesor\u00eda para gestionar tu activo inmobiliario?<\/p>\n\n\n\n<div class=\"wp-block-buttons alignwide is-layout-flex wp-block-buttons-is-layout-flex\">\n<div class=\"wp-block-button is-style-fill\"><a class=\"wp-block-button__link wp-element-button\" href=\"https:\/\/www.legalhabitat.es\/#contact\" target=\"_blank\" rel=\"noreferrer noopener\">Contacta ahora<\/a><\/div>\n<\/div>\n\n\n\n<p><\/p>\n\n\n\n<p><\/p>\n\n\n\n<p>REPRESENTACI\u00d3N JUR\u00cdDICA EN TODA ESPA\u00d1A<\/p>\n<\/div><figure class=\"wp-block-media-text__media\"><img decoding=\"async\" src=\"https:\/\/www.servicerjuridico.com\/wp-content\/themes\/astra\/inc\/assets\/images\/starter-content\/hero-img.svg\" alt=\"\" class=\"wp-image-118 size-full\"\/><\/figure><\/div>\n<\/div>\n<\/div><\/div>\n\n\n\n<div class=\"wp-block-group alignfull has-ast-global-color-5-background-color has-background is-layout-constrained wp-container-core-group-is-layout-9cedb757 wp-block-group-is-layout-constrained\" style=\"padding-bottom:0px\">\n<div class=\"wp-block-columns are-vertically-aligned-top is-layout-flex wp-container-core-columns-is-layout-00723822 wp-block-columns-is-layout-flex\">\n<div class=\"wp-block-column is-vertically-aligned-top is-layout-flow wp-container-core-column-is-layout-6b73ce23 wp-block-column-is-layout-flow\">\n<figure class=\"wp-block-image size-large\"><img decoding=\"async\" src=\"https:\/\/www.servicerjuridico.com\/wp-content\/themes\/astra\/inc\/assets\/images\/starter-content\/building.svg\" alt=\"\" class=\"wp-image-134\"\/><\/figure>\n\n\n\n<h3 class=\"wp-block-heading has-text-align-left\" style=\"margin-top:16px\">Activos residenciales<\/h3>\n\n\n\n<p class=\"has-text-align-left\">Casas, pisos, chalets, apartamentos\u2026 Cualquier tipo de vivienda es el principal tipo de inmueble para las empresas de gesti\u00f3n de activos.<\/p>\n<\/div>\n\n\n\n<div class=\"wp-block-column is-vertically-aligned-top is-layout-flow wp-container-core-column-is-layout-6b73ce23 wp-block-column-is-layout-flow\">\n<figure class=\"wp-block-image size-large\"><img decoding=\"async\" src=\"https:\/\/www.servicerjuridico.com\/wp-content\/themes\/astra\/inc\/assets\/images\/starter-content\/shopping-bag.svg\" alt=\"\" class=\"wp-image-135\"\/><\/figure>\n\n\n\n<h3 class=\"wp-block-heading has-text-align-left\" style=\"margin-top:16px\">Locales comerciales y oficinas<\/h3>\n\n\n\n<p class=\"has-text-align-left\">El comercio y el retail son una fuente de beneficios muy importante para el tejido empresarial. Gestionarlas de forma adecuada es vital para maximizar el valor.<\/p>\n<\/div>\n\n\n\n<div class=\"wp-block-column is-vertically-aligned-top is-layout-flow wp-container-core-column-is-layout-6b73ce23 wp-block-column-is-layout-flow\">\n<figure class=\"wp-block-image size-large\"><img decoding=\"async\" src=\"https:\/\/www.servicerjuridico.com\/wp-content\/themes\/astra\/inc\/assets\/images\/starter-content\/blog.svg\" alt=\"\" class=\"wp-image-136\"\/><\/figure>\n\n\n\n<h3 class=\"wp-block-heading has-text-align-left\" style=\"margin-top:16px\">Hoteles<\/h3>\n\n\n\n<p class=\"has-text-align-left\">La compra de hoteles se ha convertido en una de las actividades inmobiliarias m\u00e1s rentables en los \u00faltimos tiempos.<\/p>\n<\/div>\n\n\n\n<div class=\"wp-block-column is-vertically-aligned-top is-layout-flow wp-container-core-column-is-layout-6b73ce23 wp-block-column-is-layout-flow\">\n<figure class=\"wp-block-image size-large\"><img decoding=\"async\" src=\"https:\/\/www.servicerjuridico.com\/wp-content\/themes\/astra\/inc\/assets\/images\/starter-content\/portfolio.svg\" alt=\"\" class=\"wp-image-137\"\/><\/figure>\n\n\n\n<h3 class=\"wp-block-heading has-text-align-left\" style=\"margin-top:16px\"><font style=\"vertical-align: inherit;\"><font style=\"vertical-align: inherit;\">Centros log\u00edsticos<\/font><\/font><\/h3>\n\n\n\n<p class=\"has-text-align-left\">El desarrollo del E-commerce ha provocado que la inversi\u00f3n en este tipo de activos log\u00edsticos se convierta en un la gallina de los huevos de oro del mercado inmobiliario.<\/p>\n<\/div>\n<\/div>\n<\/div>\n\n\n\n<div class=\"wp-block-group alignfull is-layout-constrained wp-container-core-group-is-layout-45b0ac4f wp-block-group-is-layout-constrained\" id=\"services\" style=\"padding-top:144px;padding-bottom:0px\">\n<h2 class=\"wp-block-heading\"><font style=\"vertical-align: inherit;\"><font style=\"vertical-align: inherit;\">Nuestros servicios<\/font><\/font><\/h2>\n\n\n\n<div class=\"wp-block-columns is-layout-flex wp-container-core-columns-is-layout-60cbf9bb wp-block-columns-is-layout-flex\" style=\"margin-top:50px\">\n<div class=\"wp-block-column is-layout-flow wp-container-core-column-is-layout-6b73ce23 wp-block-column-is-layout-flow\">\n<figure class=\"wp-block-image size-full is-resized\"><img fetchpriority=\"high\" decoding=\"async\" src=\"https:\/\/www.servicerjuridico.com\/wp-content\/uploads\/2023\/03\/istockphoto-1464751043-612x612-1.jpg\" alt=\"\" class=\"wp-image-83\" width=\"384\" height=\"480\"\/><\/figure>\n\n\n\n<h3 class=\"wp-block-heading\" style=\"margin-top:16px\">Servicios legales y jur\u00eddicos<\/h3>\n\n\n\n<p>Gesti\u00f3n de carteras inmobiliarias, hipotecas de los bancos y comercializaci\u00f3n del inmueble. Asesorar  e informar sobre riesgos y beneficios a la hora de adquirir o vender un inmueble. Inscripci\u00f3n de titularidad de los bienes.<\/p>\n<\/div>\n\n\n\n<div class=\"wp-block-column is-layout-flow wp-container-core-column-is-layout-6b73ce23 wp-block-column-is-layout-flow\">\n<figure class=\"wp-block-image size-full is-resized\"><img decoding=\"async\" src=\"https:\/\/www.servicerjuridico.com\/wp-content\/uploads\/2023\/03\/services-02-free-img.jpg\" alt=\"\" class=\"wp-image-70\" width=\"384\" height=\"480\"\/><\/figure>\n\n\n\n<h3 class=\"wp-block-heading\" style=\"margin-top:16px\">Valoraci\u00f3n de los inmuebles<\/h3>\n\n\n\n<p>Gestionar los tr\u00e1mites necesarios en cada etapa de la adquisici\u00f3n. Regular los impuestos y otros compromisos adquiridos. Valorar los inmuebles de forma individualizada evaluando los riesgos y beneficios con el fin de maximizar la rentabilidad.<\/p>\n<\/div>\n\n\n\n<div class=\"wp-block-column is-layout-flow wp-container-core-column-is-layout-6b73ce23 wp-block-column-is-layout-flow\">\n<figure class=\"wp-block-image size-full is-resized\"><img decoding=\"async\" src=\"https:\/\/www.servicerjuridico.com\/wp-content\/uploads\/2023\/03\/REAL-ESTATE-edited.jpg\" alt=\"\" class=\"wp-image-73\" width=\"384\" height=\"480\"\/><\/figure>\n\n\n\n<h3 class=\"wp-block-heading\" style=\"margin-top:16px\">Negociaci\u00f3n e intermediaci\u00f3n<\/h3>\n\n\n\n<p>Negociaci\u00f3n e intermediaci\u00f3n en conflictos relacionados con los bienes inmobiliarios, \u00e1mbitos jur\u00eddicos, administrativos y particulares.<\/p>\n\n\n\n<p><\/p>\n<\/div>\n<\/div>\n<\/div>\n\n\n\n<div class=\"wp-block-group alignfull has-ast-global-color-5-background-color has-background is-layout-constrained wp-container-core-group-is-layout-94d206d0 wp-block-group-is-layout-constrained\" id=\"about\" style=\"padding-top:143px;padding-bottom:144px\">\n<div class=\"wp-block-media-text has-media-on-the-right is-stacked-on-mobile is-vertically-aligned-center\"><div class=\"wp-block-media-text__content\">\n<div class=\"inherit-container-width wp-block-group is-layout-constrained wp-container-core-group-is-layout-47ce07ec wp-block-group-is-layout-constrained\" style=\"padding-right:80px\">\n<h2 class=\"wp-block-heading\" style=\"padding-right:40px\"><font style=\"vertical-align: inherit;\"><font style=\"vertical-align: inherit;\">Ayudamos a las personas a tener menos preocupaciones<\/font><\/font><\/h2>\n\n\n\n<ul class=\"wp-block-list\">\n<li>Ahorro de tiempo.<\/li>\n\n\n\n<li>Cumplimiento de la normativa legal.<\/li>\n\n\n\n<li>Control total de los activos inmobiliarios.<\/li>\n\n\n\n<li>Posibilidad de maximizar la rentabilidad de tus activos inmobiliarios.<\/li>\n\n\n\n<li>Seguimiento centralizado de la cartera de activos.<\/li>\n\n\n\n<li>Potenciaras la explotaci\u00f3n de los inmuebles.<\/li>\n<\/ul>\n<\/div>\n<\/div><figure class=\"wp-block-media-text__media\"><img decoding=\"async\" src=\"https:\/\/www.servicerjuridico.com\/wp-content\/themes\/astra\/inc\/assets\/images\/starter-content\/about-us.jpg\" alt=\"\" class=\"wp-image-237 size-full\"\/><\/figure><\/div>\n<\/div>\n\n\n\n<div class=\"wp-block-group alignfull has-ast-global-color-4-background-color has-background is-layout-constrained wp-container-core-group-is-layout-6a2cfb7b wp-block-group-is-layout-constrained\" id=\"reviews\">\n<p class=\"has-text-align-center\"><strong>&#8211; Principio de riqueza<\/strong>:<\/p>\n\n\n\n<p class=\"has-text-align-center\" style=\"font-size:22px;line-height:1.6\"><font style=\"vertical-align: inherit;\"><font style=\"vertical-align: inherit;\">\u00abLos ahorros se utilizan para invertir y crear dinero, no para adquirir pasivos y pagar deudas\u00bb.<\/font><\/font><\/p>\n\n\n\n<figure class=\"wp-block-image aligncenter size-thumbnail is-resized is-style-default\"><img loading=\"lazy\" decoding=\"async\" src=\"https:\/\/www.servicerjuridico.com\/wp-content\/uploads\/2023\/03\/cropped-cropped-LOGO-LEGAL-NINOTS-BO-1-150x150.png\" alt=\"\" class=\"wp-image-24\" width=\"75\" height=\"75\" srcset=\"https:\/\/www.servicerjuridico.com\/wp-content\/uploads\/2023\/03\/cropped-cropped-LOGO-LEGAL-NINOTS-BO-1-150x150.png 150w, https:\/\/www.servicerjuridico.com\/wp-content\/uploads\/2023\/03\/cropped-cropped-LOGO-LEGAL-NINOTS-BO-1-300x300.png 300w, https:\/\/www.servicerjuridico.com\/wp-content\/uploads\/2023\/03\/cropped-cropped-LOGO-LEGAL-NINOTS-BO-1-120x120.png 120w, https:\/\/www.servicerjuridico.com\/wp-content\/uploads\/2023\/03\/cropped-cropped-LOGO-LEGAL-NINOTS-BO-1.png 512w\" sizes=\"(max-width: 75px) 100vw, 75px\" \/><figcaption class=\"wp-element-caption\"><strong><a rel=\"noreferrer noopener\" href=\"http:\/\/LEGALHABITAT.ES\" data-type=\"URL\" data-id=\"LEGALHABITAT.ES\" target=\"_blank\">GRUPO LEGALHABITAT<\/a><\/strong><\/figcaption><\/figure>\n<\/div>\n\n\n\n<div class=\"wp-block-group alignfull is-layout-constrained wp-container-core-group-is-layout-3fee123f wp-block-group-is-layout-constrained\" id=\"whyus\" style=\"padding-top:144px;padding-bottom:144px\">\n<h2 class=\"wp-block-heading\"><font style=\"vertical-align: inherit;\"><font style=\"vertical-align: inherit;\">Por qu\u00e9 elegirnos<\/font><\/font><\/h2>\n\n\n\n<div class=\"wp-block-columns is-layout-flex wp-container-core-columns-is-layout-29aadeec wp-block-columns-is-layout-flex\" style=\"margin-top:60px\">\n<div class=\"wp-block-column is-layout-flow wp-container-core-column-is-layout-6b73ce23 wp-block-column-is-layout-flow\">\n<figure class=\"wp-block-image size-large\"><img decoding=\"async\" src=\"https:\/\/www.servicerjuridico.com\/wp-content\/themes\/astra\/inc\/assets\/images\/starter-content\/passionate.svg\" alt=\"\" class=\"wp-image-162\"\/><\/figure>\n\n\n\n<h3 class=\"wp-block-heading\" style=\"margin-top:16px\">Especializados<\/h3>\n\n\n\n<p>Versatilidad y conocimientos en los diferentes \u00e1mbitos relacionados con el mundo jur\u00eddico y los temas legales, as\u00ed como conocer el mercado y detectar las posibles oportunidades, riesgos y amenazas que se encuentran en \u00e9l.<\/p>\n<\/div>\n\n\n\n<div class=\"wp-block-column is-layout-flow wp-container-core-column-is-layout-6b73ce23 wp-block-column-is-layout-flow\">\n<figure class=\"wp-block-image size-large\"><img decoding=\"async\" src=\"https:\/\/www.servicerjuridico.com\/wp-content\/themes\/astra\/inc\/assets\/images\/starter-content\/professional.svg\" alt=\"\" class=\"wp-image-163\"\/><\/figure>\n\n\n\n<h3 class=\"wp-block-heading\" style=\"margin-top:16px\"><font style=\"vertical-align: inherit;\"><font style=\"vertical-align: inherit;\">Profesional<\/font><\/font>idad<\/h3>\n\n\n\n<p>Servicio totalmente transparente y cercano con el objetivo de maximizar la rentabilidad y potenciar la explotaci\u00f3n de cada inmueble.<\/p>\n<\/div>\n\n\n\n<div class=\"wp-block-column is-layout-flow wp-container-core-column-is-layout-6b73ce23 wp-block-column-is-layout-flow\">\n<figure class=\"wp-block-image size-large\"><img decoding=\"async\" src=\"https:\/\/www.servicerjuridico.com\/wp-content\/themes\/astra\/inc\/assets\/images\/starter-content\/support.svg\" alt=\"\" class=\"wp-image-164\"\/><\/figure>\n\n\n\n<h3 class=\"wp-block-heading\" style=\"margin-top:16px\">Experiencia<\/h3>\n\n\n\n<p>M\u00e1s de 5 a\u00f1os en el sector gestionando todo tipo de inmuebles; activos residenciales, oficinas, locales comerciales, hoteles y centros log\u00edsticos.<\/p>\n<\/div>\n<\/div>\n<\/div>\n\n\n\n<div class=\"wp-block-group alignfull has-background is-layout-constrained wp-container-core-group-is-layout-cfcca693 wp-block-group-is-layout-constrained\" id=\"contact\" style=\"background:linear-gradient(35deg,rgb(6,0,151) 0%,rgb(130,4,255) 64%,rgb(193,15,255) 98%);padding-top:104px;padding-bottom:104px\">\n<h2 class=\"wp-block-heading has-text-align-center has-text-color\" style=\"color:#ffffff\"><font style=\"vertical-align: inherit;\"><font style=\"vertical-align: inherit;\">\u00a1Obtenga una valoraci\u00f3n de su caso!<\/font><\/font><\/h2>\n\n\n\n<div class=\"wp-block-buttons alignwide is-horizontal is-content-justification-center is-layout-flex wp-container-core-buttons-is-layout-bba8380a wp-block-buttons-is-layout-flex\" style=\"margin-top:50px\">\n<div class=\"wp-block-button\"><a class=\"wp-block-button__link wp-element-button\" href=\"https:\/\/www.legalhabitat.es\/#contacto\" target=\"_blank\" rel=\"noreferrer noopener\">Valoraci\u00f3n personalizada<\/a><\/div>\n<\/div>\n<\/div>\n\n\n\n<figure class=\"wp-block-image aligncenter size-full is-resized\"><a href=\"https:\/\/www.legalhabitat.es\/\" rel=\"LEGALHABITAT.ES\"><img loading=\"lazy\" decoding=\"async\" src=\"https:\/\/www.servicerjuridico.com\/wp-content\/uploads\/2023\/03\/GRUPO-LEGALHABITAT.png\" alt=\"\" class=\"wp-image-8\" width=\"600\" height=\"200\" srcset=\"https:\/\/www.servicerjuridico.com\/wp-content\/uploads\/2023\/03\/GRUPO-LEGALHABITAT.png 600w, https:\/\/www.servicerjuridico.com\/wp-content\/uploads\/2023\/03\/GRUPO-LEGALHABITAT-300x100.png 300w\" sizes=\"(max-width: 600px) 100vw, 600px\" \/><\/a><\/figure>\n","protected":false},"excerpt":{"rendered":"<p>Activos residenciales Casas, pisos, chalets, apartamentos\u2026 Cualquier tipo de vivienda es el principal tipo de inmueble para las empresas de gesti\u00f3n de activos. Locales comerciales y oficinas El comercio y el retail son una fuente de beneficios muy importante para el tejido empresarial. Gestionarlas de forma adecuada es vital para maximizar el valor. Hoteles La [&hellip;]<\/p>\n","protected":false},"author":1,"featured_media":0,"parent":0,"menu_order":0,"comment_status":"closed","ping_status":"closed","template":"","meta":{"site-sidebar-layout":"no-sidebar","site-content-layout":"plain-container","ast-site-content-layout":"default","site-content-style":"default","site-sidebar-style":"default","ast-global-header-display":"","ast-banner-title-visibility":"","ast-main-header-display":"","ast-hfb-above-header-display":"","ast-hfb-below-header-display":"","ast-hfb-mobile-header-display":"","site-post-title":"disabled","ast-breadcrumbs-content":"","ast-featured-img":"","footer-sml-layout":"","ast-disable-related-posts":"","theme-transparent-header-meta":"enabled","adv-header-id-meta":"","stick-header-meta":"","header-above-stick-meta":"","header-main-stick-meta":"","header-below-stick-meta":"","astra-migrate-meta-layouts":"default","ast-page-background-enabled":"default","ast-page-background-meta":{"desktop":{"background-color":"var(--ast-global-color-4)","background-image":"","background-repeat":"repeat","background-position":"center center","background-size":"auto","background-attachment":"scroll","background-type":"","background-media":"","overlay-type":"","overlay-color":"","overlay-opacity":"","overlay-gradient":""},"tablet":{"background-color":"","background-image":"","background-repeat":"repeat","background-position":"center center","background-size":"auto","background-attachment":"scroll","background-type":"","background-media":"","overlay-type":"","overlay-color":"","overlay-opacity":"","overlay-gradient":""},"mobile":{"background-color":"","background-image":"","background-repeat":"repeat","background-position":"center center","background-size":"auto","background-attachment":"scroll","background-type":"","background-media":"","overlay-type":"","overlay-color":"","overlay-opacity":"","overlay-gradient":""}},"ast-content-background-meta":{"desktop":{"background-color":"var(--ast-global-color-5)","background-image":"","background-repeat":"repeat","background-position":"center center","background-size":"auto","background-attachment":"scroll","background-type":"","background-media":"","overlay-type":"","overlay-color":"","overlay-opacity":"","overlay-gradient":""},"tablet":{"background-color":"var(--ast-global-color-5)","background-image":"","background-repeat":"repeat","background-position":"center center","background-size":"auto","background-attachment":"scroll","background-type":"","background-media":"","overlay-type":"","overlay-color":"","overlay-opacity":"","overlay-gradient":""},"mobile":{"background-color":"var(--ast-global-color-5)","background-image":"","background-repeat":"repeat","background-position":"center center","background-size":"auto","background-attachment":"scroll","background-type":"","background-media":"","overlay-type":"","overlay-color":"","overlay-opacity":"","overlay-gradient":""}},"_joinchat":[],"footnotes":""},"class_list":["post-21","page","type-page","status-publish","hentry"],"_links":{"self":[{"href":"https:\/\/www.servicerjuridico.com\/index.php?rest_route=\/wp\/v2\/pages\/21","targetHints":{"allow":["GET"]}}],"collection":[{"href":"https:\/\/www.servicerjuridico.com\/index.php?rest_route=\/wp\/v2\/pages"}],"about":[{"href":"https:\/\/www.servicerjuridico.com\/index.php?rest_route=\/wp\/v2\/types\/page"}],"author":[{"embeddable":true,"href":"https:\/\/www.servicerjuridico.com\/index.php?rest_route=\/wp\/v2\/users\/1"}],"replies":[{"embeddable":true,"href":"https:\/\/www.servicerjuridico.com\/index.php?rest_route=%2Fwp%2Fv2%2Fcomments&post=21"}],"version-history":[{"count":51,"href":"https:\/\/www.servicerjuridico.com\/index.php?rest_route=\/wp\/v2\/pages\/21\/revisions"}],"predecessor-version":[{"id":309,"href":"https:\/\/www.servicerjuridico.com\/index.php?rest_route=\/wp\/v2\/pages\/21\/revisions\/309"}],"wp:attachment":[{"href":"https:\/\/www.servicerjuridico.com\/index.php?rest_route=%2Fwp%2Fv2%2Fmedia&parent=21"}],"curies":[{"name":"wp","href":"https:\/\/api.w.org\/{rel}","templated":true}]}}